{"id":310,"date":"2024-07-03T10:17:13","date_gmt":"2024-07-03T08:17:13","guid":{"rendered":"https:\/\/zenadmin.fr\/?page_id=310"},"modified":"2026-02-20T12:45:53","modified_gmt":"2026-02-20T11:45:53","slug":"presentation","status":"publish","type":"page","link":"https:\/\/zenadmin.fr\/?page_id=310","title":{"rendered":"Pr\u00e9sentation"},"content":{"rendered":"\t\t<div data-elementor-type=\"wp-page\" data-elementor-id=\"310\" class=\"elementor elementor-310\">\n\t\t\t\t<div class=\"elementor-element elementor-element-4222cfb e-con-full e-flex elementor-invisible e-con e-parent\" data-id=\"4222cfb\" data-element_type=\"container\" data-e-type=\"container\" data-settings=\"{&quot;animation&quot;:&quot;zoomIn&quot;}\">\n\t\t\t\t<div class=\"elementor-element elementor-element-b33cde2 elementor-widget elementor-widget-image\" data-id=\"b33cde2\" data-element_type=\"widget\" data-e-type=\"widget\" data-widget_type=\"image.default\">\n\t\t\t\t<div class=\"elementor-widget-container\">\n\t\t\t\t\t\t\t\t\t\t\t\t\t\t\t<img fetchpriority=\"high\" decoding=\"async\" width=\"4608\" height=\"590\" src=\"https:\/\/zenadmin.fr\/wp-content\/uploads\/2024\/07\/Banniere-Presentation_V2.png\" class=\"attachment-full size-full wp-image-932\" alt=\"\" srcset=\"https:\/\/zenadmin.fr\/wp-content\/uploads\/2024\/07\/Banniere-Presentation_V2.png 4608w, https:\/\/zenadmin.fr\/wp-content\/uploads\/2024\/07\/Banniere-Presentation_V2-300x38.png 300w, https:\/\/zenadmin.fr\/wp-content\/uploads\/2024\/07\/Banniere-Presentation_V2-1024x131.png 1024w, https:\/\/zenadmin.fr\/wp-content\/uploads\/2024\/07\/Banniere-Presentation_V2-768x98.png 768w, https:\/\/zenadmin.fr\/wp-content\/uploads\/2024\/07\/Banniere-Presentation_V2-1536x197.png 1536w, https:\/\/zenadmin.fr\/wp-content\/uploads\/2024\/07\/Banniere-Presentation_V2-2048x262.png 2048w\" sizes=\"(max-width: 4608px) 100vw, 4608px\" \/>\t\t\t\t\t\t\t\t\t\t\t\t\t\t\t<\/div>\n\t\t\t\t<\/div>\n\t\t\t\t<\/div>\n\t\t<div class=\"elementor-element elementor-element-24d5e83 e-flex e-con-boxed e-con e-parent\" data-id=\"24d5e83\" data-element_type=\"container\" data-e-type=\"container\">\n\t\t\t\t\t<div class=\"e-con-inner\">\n\t\t\t\t<div class=\"elementor-element elementor-element-5b11eee elementor-widget elementor-widget-text-editor\" data-id=\"5b11eee\" data-element_type=\"widget\" data-e-type=\"widget\" data-widget_type=\"text-editor.default\">\n\t\t\t\t<div class=\"elementor-widget-container\">\n\t\t\t\t\t\t\t\t\t<p>La gestion administrative dans sa globalit\u00e9 demande \u00e9norm\u00e9ment de temps et d&rsquo;\u00e9nergie \u00e0 l&rsquo;entrepreneur(e).<br \/>On peut m\u00eame utiliser le terme \u00ab\u00a0chronophage\u00a0\u00bb mais tellement essentielle \u00e0 la survie de votre entreprise et trop souvent au d\u00e9triment des obligations tant professionnelles que personnelles.<\/p><p>Je suis assistante de direction et gestionnaire de paie et RH depuis plus de 10 ans.<br \/>Je serai ravie de mettre mon exp\u00e9rience au service de votre entreprise.<br \/>Mon parcours professionnel m&rsquo;a permis de travailler dans plusieurs domaines (commerce, BTP, immobilier, services aux entreprises, informatique&#8230;) impliquant ainsi une polyvalence renforc\u00e9e.<\/p><p><strong>Zen Admin a pour vocation de soulager et d&rsquo;accompagner tous les entrepreneurs(es) d\u00e9sireux(ses) de se consacrer \u00e0 leur c\u0153ur de m\u00e9tier.<\/strong><\/p>\t\t\t\t\t\t\t\t<\/div>\n\t\t\t\t<\/div>\n\t\t\t\t\t<\/div>\n\t\t\t\t<\/div>\n\t\t<div class=\"elementor-element elementor-element-138ce54 e-flex e-con-boxed e-con e-parent\" data-id=\"138ce54\" data-element_type=\"container\" data-e-type=\"container\">\n\t\t\t\t\t<div class=\"e-con-inner\">\n\t\t\t\t<div class=\"elementor-element elementor-element-07c6e1f elementor-widget elementor-widget-spacer\" data-id=\"07c6e1f\" data-element_type=\"widget\" data-e-type=\"widget\" data-widget_type=\"spacer.default\">\n\t\t\t\t<div class=\"elementor-widget-container\">\n\t\t\t\t\t\t\t<div class=\"elementor-spacer\">\n\t\t\t<div class=\"elementor-spacer-inner\"><\/div>\n\t\t<\/div>\n\t\t\t\t\t\t<\/div>\n\t\t\t\t<\/div>\n\t\t\t\t\t<\/div>\n\t\t\t\t<\/div>\n\t\t\t\t<\/div>\n\t\t","protected":false},"excerpt":{"rendered":"<p>La gestion administrative dans sa globalit\u00e9 demande \u00e9norm\u00e9ment de temps et d&rsquo;\u00e9nergie \u00e0 l&rsquo;entrepreneur(e).On peut m\u00eame utiliser le terme \u00ab\u00a0chronophage\u00a0\u00bb mais tellement essentielle \u00e0 la survie de votre entreprise et trop souvent au d\u00e9triment des obligations tant professionnelles que personnelles. Je suis assistante de direction et gestionnaire de paie et RH depuis plus de 10 [&hellip;]<\/p>\n","protected":false},"author":1,"featured_media":0,"parent":0,"menu_order":0,"comment_status":"closed","ping_status":"closed","template":"","meta":{"om_disable_all_campaigns":false,"_monsterinsights_skip_tracking":false,"_monsterinsights_sitenote_active":false,"_monsterinsights_sitenote_note":"","_monsterinsights_sitenote_category":0,"footnotes":""},"class_list":["post-310","page","type-page","status-publish","hentry"],"aioseo_notices":[],"_links":{"self":[{"href":"https:\/\/zenadmin.fr\/index.php?rest_route=\/wp\/v2\/pages\/310","targetHints":{"allow":["GET"]}}],"collection":[{"href":"https:\/\/zenadmin.fr\/index.php?rest_route=\/wp\/v2\/pages"}],"about":[{"href":"https:\/\/zenadmin.fr\/index.php?rest_route=\/wp\/v2\/types\/page"}],"author":[{"embeddable":true,"href":"https:\/\/zenadmin.fr\/index.php?rest_route=\/wp\/v2\/users\/1"}],"replies":[{"embeddable":true,"href":"https:\/\/zenadmin.fr\/index.php?rest_route=%2Fwp%2Fv2%2Fcomments&post=310"}],"version-history":[{"count":109,"href":"https:\/\/zenadmin.fr\/index.php?rest_route=\/wp\/v2\/pages\/310\/revisions"}],"predecessor-version":[{"id":1081,"href":"https:\/\/zenadmin.fr\/index.php?rest_route=\/wp\/v2\/pages\/310\/revisions\/1081"}],"wp:attachment":[{"href":"https:\/\/zenadmin.fr\/index.php?rest_route=%2Fwp%2Fv2%2Fmedia&parent=310"}],"curies":[{"name":"wp","href":"https:\/\/api.w.org\/{rel}","templated":true}]}}