{"id":84,"date":"2024-07-02T10:47:06","date_gmt":"2024-07-02T08:47:06","guid":{"rendered":"http:\/\/zenadmin.fr\/?page_id=84"},"modified":"2026-02-16T16:25:52","modified_gmt":"2026-02-16T15:25:52","slug":"gestion-administrative","status":"publish","type":"page","link":"https:\/\/zenadmin.fr\/?page_id=84","title":{"rendered":"Gestion administrative"},"content":{"rendered":"\t\t<div data-elementor-type=\"wp-page\" data-elementor-id=\"84\" class=\"elementor elementor-84\">\n\t\t\t\t<div class=\"elementor-element elementor-element-69ad0ff e-con-full e-flex elementor-invisible e-con e-parent\" data-id=\"69ad0ff\" data-element_type=\"container\" data-e-type=\"container\" data-settings=\"{&quot;animation&quot;:&quot;zoomIn&quot;}\">\n\t\t\t\t<div class=\"elementor-element elementor-element-8a57ded elementor-widget elementor-widget-image\" data-id=\"8a57ded\" data-element_type=\"widget\" data-e-type=\"widget\" data-widget_type=\"image.default\">\n\t\t\t\t<div class=\"elementor-widget-container\">\n\t\t\t\t\t\t\t\t\t\t\t\t\t\t\t<img fetchpriority=\"high\" decoding=\"async\" width=\"4608\" height=\"604\" src=\"https:\/\/zenadmin.fr\/wp-content\/uploads\/2024\/07\/Banniere-ZenAdmin_Gestion-administrative_V4.png\" class=\"attachment-full size-full wp-image-1017\" alt=\"Gestion administrative\" srcset=\"https:\/\/zenadmin.fr\/wp-content\/uploads\/2024\/07\/Banniere-ZenAdmin_Gestion-administrative_V4.png 4608w, https:\/\/zenadmin.fr\/wp-content\/uploads\/2024\/07\/Banniere-ZenAdmin_Gestion-administrative_V4-300x39.png 300w, https:\/\/zenadmin.fr\/wp-content\/uploads\/2024\/07\/Banniere-ZenAdmin_Gestion-administrative_V4-1024x134.png 1024w, https:\/\/zenadmin.fr\/wp-content\/uploads\/2024\/07\/Banniere-ZenAdmin_Gestion-administrative_V4-768x101.png 768w, https:\/\/zenadmin.fr\/wp-content\/uploads\/2024\/07\/Banniere-ZenAdmin_Gestion-administrative_V4-1536x201.png 1536w, https:\/\/zenadmin.fr\/wp-content\/uploads\/2024\/07\/Banniere-ZenAdmin_Gestion-administrative_V4-2048x268.png 2048w\" sizes=\"(max-width: 4608px) 100vw, 4608px\" \/>\t\t\t\t\t\t\t\t\t\t\t\t\t\t\t<\/div>\n\t\t\t\t<\/div>\n\t\t\t\t<\/div>\n\t\t<div class=\"elementor-element elementor-element-5409571 e-flex e-con-boxed e-con e-parent\" data-id=\"5409571\" data-element_type=\"container\" data-e-type=\"container\">\n\t\t\t\t\t<div class=\"e-con-inner\">\n\t\t<div class=\"elementor-element elementor-element-608b242 e-con-full e-flex e-con e-child\" data-id=\"608b242\" data-element_type=\"container\" data-e-type=\"container\">\n\t\t\t\t<div class=\"elementor-element elementor-element-f951a9c elementor-widget elementor-widget-text-editor\" data-id=\"f951a9c\" data-element_type=\"widget\" data-e-type=\"widget\" data-widget_type=\"text-editor.default\">\n\t\t\t\t<div class=\"elementor-widget-container\">\n\t\t\t\t\t\t\t\t\t<p><strong>La gestion administrative est un \u00e9quilibre subtil entre rigueur, organisation et flexibilit\u00e9. Elle contribue au bon fonctionnement de l&rsquo;entreprise et \u00e0 sa p\u00e9rennit\u00e9.<\/strong><\/p>\t\t\t\t\t\t\t\t<\/div>\n\t\t\t\t<\/div>\n\t\t\t\t<\/div>\n\t\t\t\t<div class=\"elementor-element elementor-element-9ff98e4 elementor-widget elementor-widget-text-editor\" data-id=\"9ff98e4\" data-element_type=\"widget\" data-e-type=\"widget\" data-widget_type=\"text-editor.default\">\n\t\t\t\t<div class=\"elementor-widget-container\">\n\t\t\t\t\t\t\t\t\t<p>\u00a0 \u00a0 \u00a0 \u00a0 \u00a0 \u00a0 \u2022 Relation avec le comptable<\/p><p>\u00a0 \u00a0 \u00a0 \u00a0 \u00a0 \u00a0 \u2022 Pr\u00e9paration pi\u00e8ces comptables<\/p><p>\u00a0 \u00a0 \u00a0 \u00a0 \u00a0 \u00a0 \u2022 Classement et transmission au comptable<\/p><p>\u00a0 \u00a0 \u00a0 \u00a0 \u00a0 \u00a0 \u2022 Suivi de tr\u00e9sorerie<\/p><p>\u00a0 \u00a0 \u00a0 \u00a0 \u00a0 \u00a0 \u2022 R\u00e8glement fournisseurs<\/p><p>\u00a0 \u00a0 \u00a0 \u00a0 \u00a0 \u00a0 \u2022 Tableau de bord (cr\u00e9ation et suivi)<\/p><p>\u00a0 \u00a0 \u00a0 \u00a0 \u00a0 \u00a0 \u2022 Rapprochement bancaire<\/p><p>\u00a0 \u00a0 \u00a0 \u00a0 \u00a0 \u00a0 \u2022 Mise \u00e0 jour du document unique<\/p>\t\t\t\t\t\t\t\t<\/div>\n\t\t\t\t<\/div>\n\t\t\t\t\t<\/div>\n\t\t\t\t<\/div>\n\t\t<div class=\"elementor-element elementor-element-ec77c5e e-flex e-con-boxed e-con e-parent\" data-id=\"ec77c5e\" data-element_type=\"container\" data-e-type=\"container\">\n\t\t\t\t\t<div class=\"e-con-inner\">\n\t\t\t\t<div class=\"elementor-element elementor-element-4909079 elementor-widget elementor-widget-spacer\" data-id=\"4909079\" data-element_type=\"widget\" data-e-type=\"widget\" data-widget_type=\"spacer.default\">\n\t\t\t\t<div class=\"elementor-widget-container\">\n\t\t\t\t\t\t\t<div class=\"elementor-spacer\">\n\t\t\t<div class=\"elementor-spacer-inner\"><\/div>\n\t\t<\/div>\n\t\t\t\t\t\t<\/div>\n\t\t\t\t<\/div>\n\t\t\t\t\t<\/div>\n\t\t\t\t<\/div>\n\t\t<div class=\"elementor-element elementor-element-3234330 e-con-full e-flex e-con e-parent\" data-id=\"3234330\" data-element_type=\"container\" data-e-type=\"container\">\n\t\t<div class=\"elementor-element elementor-element-03c1186 e-con-full e-flex e-con e-child\" data-id=\"03c1186\" data-element_type=\"container\" data-e-type=\"container\">\n\t\t\t\t<div class=\"elementor-element elementor-element-d2ba37a elementor-widget__width-initial elementor-widget elementor-widget-heading\" data-id=\"d2ba37a\" data-element_type=\"widget\" data-e-type=\"widget\" data-widget_type=\"heading.default\">\n\t\t\t\t<div class=\"elementor-widget-container\">\n\t\t\t\t\t<h3 class=\"elementor-heading-title elementor-size-default\">Pour toutes informations compl\u00e9mentaires :<\/h3>\t\t\t\t<\/div>\n\t\t\t\t<\/div>\n\t\t\t\t<div class=\"elementor-element elementor-element-e816797 elementor-align-center elementor-widget__width-initial elementor-widget elementor-widget-button\" data-id=\"e816797\" data-element_type=\"widget\" data-e-type=\"widget\" data-widget_type=\"button.default\">\n\t\t\t\t<div class=\"elementor-widget-container\">\n\t\t\t\t\t\t\t\t\t<div class=\"elementor-button-wrapper\">\n\t\t\t\t\t<a class=\"elementor-button elementor-button-link elementor-size-sm\" href=\"https:\/\/zenadmin.fr\/?page_id=42\">\n\t\t\t\t\t\t<span class=\"elementor-button-content-wrapper\">\n\t\t\t\t\t\t\t\t\t<span class=\"elementor-button-text\">Me contacter<\/span>\n\t\t\t\t\t<\/span>\n\t\t\t\t\t<\/a>\n\t\t\t\t<\/div>\n\t\t\t\t\t\t\t\t<\/div>\n\t\t\t\t<\/div>\n\t\t\t\t<\/div>\n\t\t\t\t<\/div>\n\t\t\t\t<\/div>\n\t\t","protected":false},"excerpt":{"rendered":"<p>La gestion administrative est un \u00e9quilibre subtil entre rigueur, organisation et flexibilit\u00e9. Elle contribue au bon fonctionnement de l&rsquo;entreprise et \u00e0 sa p\u00e9rennit\u00e9. \u00a0 \u00a0 \u00a0 \u00a0 \u00a0 \u00a0 \u2022 Relation avec le comptable \u00a0 \u00a0 \u00a0 \u00a0 \u00a0 \u00a0 \u2022 Pr\u00e9paration pi\u00e8ces comptables \u00a0 \u00a0 \u00a0 \u00a0 \u00a0 \u00a0 \u2022 Classement et transmission au [&hellip;]<\/p>\n","protected":false},"author":1,"featured_media":0,"parent":0,"menu_order":0,"comment_status":"closed","ping_status":"closed","template":"","meta":{"om_disable_all_campaigns":false,"_monsterinsights_skip_tracking":false,"_monsterinsights_sitenote_active":false,"_monsterinsights_sitenote_note":"","_monsterinsights_sitenote_category":0,"footnotes":""},"class_list":["post-84","page","type-page","status-publish","hentry"],"aioseo_notices":[],"_links":{"self":[{"href":"https:\/\/zenadmin.fr\/index.php?rest_route=\/wp\/v2\/pages\/84","targetHints":{"allow":["GET"]}}],"collection":[{"href":"https:\/\/zenadmin.fr\/index.php?rest_route=\/wp\/v2\/pages"}],"about":[{"href":"https:\/\/zenadmin.fr\/index.php?rest_route=\/wp\/v2\/types\/page"}],"author":[{"embeddable":true,"href":"https:\/\/zenadmin.fr\/index.php?rest_route=\/wp\/v2\/users\/1"}],"replies":[{"embeddable":true,"href":"https:\/\/zenadmin.fr\/index.php?rest_route=%2Fwp%2Fv2%2Fcomments&post=84"}],"version-history":[{"count":94,"href":"https:\/\/zenadmin.fr\/index.php?rest_route=\/wp\/v2\/pages\/84\/revisions"}],"predecessor-version":[{"id":1042,"href":"https:\/\/zenadmin.fr\/index.php?rest_route=\/wp\/v2\/pages\/84\/revisions\/1042"}],"wp:attachment":[{"href":"https:\/\/zenadmin.fr\/index.php?rest_route=%2Fwp%2Fv2%2Fmedia&parent=84"}],"curies":[{"name":"wp","href":"https:\/\/api.w.org\/{rel}","templated":true}]}}