{"id":86,"date":"2024-07-02T10:47:18","date_gmt":"2024-07-02T08:47:18","guid":{"rendered":"http:\/\/zenadmin.fr\/?page_id=86"},"modified":"2026-02-16T16:38:10","modified_gmt":"2026-02-16T15:38:10","slug":"gestion-rh","status":"publish","type":"page","link":"https:\/\/zenadmin.fr\/?page_id=86","title":{"rendered":"Gestion RH"},"content":{"rendered":"\t\t<div data-elementor-type=\"wp-page\" data-elementor-id=\"86\" class=\"elementor elementor-86\">\n\t\t\t\t<div class=\"elementor-element elementor-element-244db23 e-con-full e-flex elementor-invisible e-con e-parent\" data-id=\"244db23\" data-element_type=\"container\" data-e-type=\"container\" data-settings=\"{&quot;animation&quot;:&quot;zoomIn&quot;}\">\n\t\t\t\t<div class=\"elementor-element elementor-element-f1e733a elementor-widget__width-inherit elementor-widget elementor-widget-image\" data-id=\"f1e733a\" data-element_type=\"widget\" data-e-type=\"widget\" data-widget_type=\"image.default\">\n\t\t\t\t<div class=\"elementor-widget-container\">\n\t\t\t\t\t\t\t\t\t\t\t\t\t\t\t<img fetchpriority=\"high\" decoding=\"async\" width=\"6912\" height=\"1036\" src=\"https:\/\/zenadmin.fr\/wp-content\/uploads\/2024\/07\/Banniere-ZenAdmin_Gestion-RH_V2.2.png\" class=\"attachment-full size-full wp-image-924\" alt=\"Gestion RH\" srcset=\"https:\/\/zenadmin.fr\/wp-content\/uploads\/2024\/07\/Banniere-ZenAdmin_Gestion-RH_V2.2.png 6912w, https:\/\/zenadmin.fr\/wp-content\/uploads\/2024\/07\/Banniere-ZenAdmin_Gestion-RH_V2.2-300x45.png 300w, https:\/\/zenadmin.fr\/wp-content\/uploads\/2024\/07\/Banniere-ZenAdmin_Gestion-RH_V2.2-1024x153.png 1024w, https:\/\/zenadmin.fr\/wp-content\/uploads\/2024\/07\/Banniere-ZenAdmin_Gestion-RH_V2.2-768x115.png 768w, https:\/\/zenadmin.fr\/wp-content\/uploads\/2024\/07\/Banniere-ZenAdmin_Gestion-RH_V2.2-1536x230.png 1536w, https:\/\/zenadmin.fr\/wp-content\/uploads\/2024\/07\/Banniere-ZenAdmin_Gestion-RH_V2.2-2048x307.png 2048w\" sizes=\"(max-width: 6912px) 100vw, 6912px\" \/>\t\t\t\t\t\t\t\t\t\t\t\t\t\t\t<\/div>\n\t\t\t\t<\/div>\n\t\t\t\t<\/div>\n\t\t<div class=\"elementor-element elementor-element-a3b6b53 e-flex e-con-boxed e-con e-parent\" data-id=\"a3b6b53\" data-element_type=\"container\" data-e-type=\"container\">\n\t\t\t\t\t<div class=\"e-con-inner\">\n\t\t<div class=\"elementor-element elementor-element-ddcd4b4 e-con-full e-flex e-con e-child\" data-id=\"ddcd4b4\" data-element_type=\"container\" data-e-type=\"container\">\n\t\t\t\t<div class=\"elementor-element elementor-element-9a46fe1 elementor-widget__width-initial elementor-widget elementor-widget-text-editor\" data-id=\"9a46fe1\" data-element_type=\"widget\" data-e-type=\"widget\" data-widget_type=\"text-editor.default\">\n\t\t\t\t<div class=\"elementor-widget-container\">\n\t\t\t\t\t\t\t\t\t<p><strong>Une bonne gestion du personnel a un impact significatif sur une entreprise. Elle am\u00e9liore la productivit\u00e9, r\u00e9duit les conflits et renforce la r\u00e9putation de l&rsquo;entreprise en tant qu&#8217;employeur de choix.<\/strong><\/p>\t\t\t\t\t\t\t\t<\/div>\n\t\t\t\t<\/div>\n\t\t\t\t<\/div>\n\t\t<div class=\"elementor-element elementor-element-d05af35 e-con-full e-flex e-con e-child\" data-id=\"d05af35\" data-element_type=\"container\" data-e-type=\"container\">\n\t\t\t\t<div class=\"elementor-element elementor-element-c1a19f3 elementor-widget elementor-widget-text-editor\" data-id=\"c1a19f3\" data-element_type=\"widget\" data-e-type=\"widget\" data-widget_type=\"text-editor.default\">\n\t\t\t\t<div class=\"elementor-widget-container\">\n\t\t\t\t\t\t\t\t\t<p>\u00a0 \u00a0 \u00a0 \u00a0 \u00a0 \u00a0 \u2022 DPAE<\/p><p>\u00a0 \u00a0 \u00a0 \u00a0 \u00a0 \u00a0 \u2022 Contrat de travail<\/p><p>\u00a0 \u00a0 \u00a0 \u00a0 \u00a0 \u00a0 \u2022 Suivi de formation<\/p><p>\u00a0 \u00a0 \u00a0 \u00a0 \u00a0 \u00a0 \u2022 D\u00e9claration accident de\u00a0 travail et arr\u00eat maladie<\/p><p>\u00a0 \u00a0 \u00a0 \u00a0 \u00a0 \u00a0 \u2022 Suivi visites m\u00e9dicales<\/p><p>\u00a0 \u00a0 \u00a0 \u00a0 \u00a0 \u00a0 \u2022 Gestion des tickets restaurants<\/p><p>\u00a0 \u00a0 \u00a0 \u00a0 \u00a0 \u00a0 \u2022 Suivi note de frais<\/p><p>\u00a0 \u00a0 \u00a0 \u00a0 \u00a0 \u00a0 \u2022 \u00c9tablissement des paies<\/p><p>\u00a0 \u00a0 \u00a0 \u00a0 \u00a0 \u00a0 \u2022 Convention de stage<\/p><p>\u00a0 \u00a0 \u00a0 \u00a0 \u00a0 \u00a0 \u2022 Affiliation mutuelle et pr\u00e9voyance<\/p>\t\t\t\t\t\t\t\t<\/div>\n\t\t\t\t<\/div>\n\t\t\t\t<\/div>\n\t\t\t\t\t<\/div>\n\t\t\t\t<\/div>\n\t\t<div class=\"elementor-element elementor-element-5fc518f e-flex e-con-boxed e-con e-parent\" data-id=\"5fc518f\" data-element_type=\"container\" data-e-type=\"container\">\n\t\t\t\t\t<div class=\"e-con-inner\">\n\t\t\t\t<div class=\"elementor-element elementor-element-7992522 elementor-widget elementor-widget-spacer\" data-id=\"7992522\" data-element_type=\"widget\" data-e-type=\"widget\" data-widget_type=\"spacer.default\">\n\t\t\t\t<div class=\"elementor-widget-container\">\n\t\t\t\t\t\t\t<div class=\"elementor-spacer\">\n\t\t\t<div class=\"elementor-spacer-inner\"><\/div>\n\t\t<\/div>\n\t\t\t\t\t\t<\/div>\n\t\t\t\t<\/div>\n\t\t\t\t\t<\/div>\n\t\t\t\t<\/div>\n\t\t<div class=\"elementor-element elementor-element-c41cdf2 e-flex e-con-boxed e-con e-parent\" data-id=\"c41cdf2\" data-element_type=\"container\" data-e-type=\"container\">\n\t\t\t\t\t<div class=\"e-con-inner\">\n\t\t\t\t<div class=\"elementor-element elementor-element-9dd23e9 elementor-widget__width-initial elementor-widget elementor-widget-heading\" data-id=\"9dd23e9\" data-element_type=\"widget\" data-e-type=\"widget\" data-widget_type=\"heading.default\">\n\t\t\t\t<div class=\"elementor-widget-container\">\n\t\t\t\t\t<h3 class=\"elementor-heading-title elementor-size-default\">Pour toutes informations compl\u00e9mentaires :<\/h3>\t\t\t\t<\/div>\n\t\t\t\t<\/div>\n\t\t\t\t<div class=\"elementor-element elementor-element-579d0b6 elementor-align-center elementor-widget__width-initial elementor-widget elementor-widget-button\" data-id=\"579d0b6\" data-element_type=\"widget\" data-e-type=\"widget\" data-widget_type=\"button.default\">\n\t\t\t\t<div class=\"elementor-widget-container\">\n\t\t\t\t\t\t\t\t\t<div class=\"elementor-button-wrapper\">\n\t\t\t\t\t<a class=\"elementor-button elementor-button-link elementor-size-sm\" href=\"https:\/\/zenadmin.fr\/?page_id=42\">\n\t\t\t\t\t\t<span class=\"elementor-button-content-wrapper\">\n\t\t\t\t\t\t\t\t\t<span class=\"elementor-button-text\">Me contacter<\/span>\n\t\t\t\t\t<\/span>\n\t\t\t\t\t<\/a>\n\t\t\t\t<\/div>\n\t\t\t\t\t\t\t\t<\/div>\n\t\t\t\t<\/div>\n\t\t\t\t\t<\/div>\n\t\t\t\t<\/div>\n\t\t\t\t<\/div>\n\t\t","protected":false},"excerpt":{"rendered":"<p>Une bonne gestion du personnel a un impact significatif sur une entreprise. Elle am\u00e9liore la productivit\u00e9, r\u00e9duit les conflits et renforce la r\u00e9putation de l&rsquo;entreprise en tant qu&#8217;employeur de choix. \u00a0 \u00a0 \u00a0 \u00a0 \u00a0 \u00a0 \u2022 DPAE \u00a0 \u00a0 \u00a0 \u00a0 \u00a0 \u00a0 \u2022 Contrat de travail \u00a0 \u00a0 \u00a0 \u00a0 \u00a0 \u00a0 \u2022 [&hellip;]<\/p>\n","protected":false},"author":1,"featured_media":0,"parent":0,"menu_order":0,"comment_status":"closed","ping_status":"closed","template":"","meta":{"om_disable_all_campaigns":false,"_monsterinsights_skip_tracking":false,"_monsterinsights_sitenote_active":false,"_monsterinsights_sitenote_note":"","_monsterinsights_sitenote_category":0,"footnotes":""},"class_list":["post-86","page","type-page","status-publish","hentry"],"aioseo_notices":[],"_links":{"self":[{"href":"https:\/\/zenadmin.fr\/index.php?rest_route=\/wp\/v2\/pages\/86","targetHints":{"allow":["GET"]}}],"collection":[{"href":"https:\/\/zenadmin.fr\/index.php?rest_route=\/wp\/v2\/pages"}],"about":[{"href":"https:\/\/zenadmin.fr\/index.php?rest_route=\/wp\/v2\/types\/page"}],"author":[{"embeddable":true,"href":"https:\/\/zenadmin.fr\/index.php?rest_route=\/wp\/v2\/users\/1"}],"replies":[{"embeddable":true,"href":"https:\/\/zenadmin.fr\/index.php?rest_route=%2Fwp%2Fv2%2Fcomments&post=86"}],"version-history":[{"count":61,"href":"https:\/\/zenadmin.fr\/index.php?rest_route=\/wp\/v2\/pages\/86\/revisions"}],"predecessor-version":[{"id":1078,"href":"https:\/\/zenadmin.fr\/index.php?rest_route=\/wp\/v2\/pages\/86\/revisions\/1078"}],"wp:attachment":[{"href":"https:\/\/zenadmin.fr\/index.php?rest_route=%2Fwp%2Fv2%2Fmedia&parent=86"}],"curies":[{"name":"wp","href":"https:\/\/api.w.org\/{rel}","templated":true}]}}