{"id":88,"date":"2024-07-02T10:47:37","date_gmt":"2024-07-02T08:47:37","guid":{"rendered":"http:\/\/zenadmin.fr\/?page_id=88"},"modified":"2026-02-16T16:33:59","modified_gmt":"2026-02-16T15:33:59","slug":"gestion-du-quotidien","status":"publish","type":"page","link":"https:\/\/zenadmin.fr\/?page_id=88","title":{"rendered":"Gestion du quotidien"},"content":{"rendered":"\t\t<div data-elementor-type=\"wp-page\" data-elementor-id=\"88\" class=\"elementor elementor-88\">\n\t\t\t\t<div class=\"elementor-element elementor-element-15f1d4b e-con-full e-flex elementor-invisible e-con e-parent\" data-id=\"15f1d4b\" data-element_type=\"container\" data-e-type=\"container\" data-settings=\"{&quot;animation&quot;:&quot;zoomIn&quot;}\">\n\t\t\t\t<div class=\"elementor-element elementor-element-aab9e7b elementor-widget elementor-widget-image\" data-id=\"aab9e7b\" data-element_type=\"widget\" data-e-type=\"widget\" data-widget_type=\"image.default\">\n\t\t\t\t<div class=\"elementor-widget-container\">\n\t\t\t\t\t\t\t\t\t\t\t\t\t\t\t<img fetchpriority=\"high\" decoding=\"async\" width=\"4608\" height=\"589\" src=\"https:\/\/zenadmin.fr\/wp-content\/uploads\/2024\/07\/Banniere-Gestion-du-quotidien_V2.2.png\" class=\"attachment-full size-full wp-image-928\" alt=\"Gestion du quotidien\" srcset=\"https:\/\/zenadmin.fr\/wp-content\/uploads\/2024\/07\/Banniere-Gestion-du-quotidien_V2.2.png 4608w, https:\/\/zenadmin.fr\/wp-content\/uploads\/2024\/07\/Banniere-Gestion-du-quotidien_V2.2-300x38.png 300w, https:\/\/zenadmin.fr\/wp-content\/uploads\/2024\/07\/Banniere-Gestion-du-quotidien_V2.2-1024x131.png 1024w, https:\/\/zenadmin.fr\/wp-content\/uploads\/2024\/07\/Banniere-Gestion-du-quotidien_V2.2-768x98.png 768w, https:\/\/zenadmin.fr\/wp-content\/uploads\/2024\/07\/Banniere-Gestion-du-quotidien_V2.2-1536x196.png 1536w, https:\/\/zenadmin.fr\/wp-content\/uploads\/2024\/07\/Banniere-Gestion-du-quotidien_V2.2-2048x262.png 2048w\" sizes=\"(max-width: 4608px) 100vw, 4608px\" \/>\t\t\t\t\t\t\t\t\t\t\t\t\t\t\t<\/div>\n\t\t\t\t<\/div>\n\t\t\t\t<\/div>\n\t\t<div class=\"elementor-element elementor-element-577514a e-flex e-con-boxed e-con e-parent\" data-id=\"577514a\" data-element_type=\"container\" data-e-type=\"container\">\n\t\t\t\t\t<div class=\"e-con-inner\">\n\t\t<div class=\"elementor-element elementor-element-5ee87ee e-con-full e-flex e-con e-child\" data-id=\"5ee87ee\" data-element_type=\"container\" data-e-type=\"container\">\n\t\t\t\t<div class=\"elementor-element elementor-element-726e7f3 elementor-widget elementor-widget-text-editor\" data-id=\"726e7f3\" data-element_type=\"widget\" data-e-type=\"widget\" data-widget_type=\"text-editor.default\">\n\t\t\t\t<div class=\"elementor-widget-container\">\n\t\t\t\t\t\t\t\t\t<p><strong>La gestion du quotidien regroupe toutes les t\u00e2ches administratives r\u00e9currentes mais essentielles. Sans un bon suivi, vous pouvez \u00eatre vite d\u00e9pass\u00e9.<\/strong><\/p>\t\t\t\t\t\t\t\t<\/div>\n\t\t\t\t<\/div>\n\t\t\t\t<\/div>\n\t\t<div class=\"elementor-element elementor-element-eabbabc e-con-full e-flex e-con e-child\" data-id=\"eabbabc\" data-element_type=\"container\" data-e-type=\"container\">\n\t\t\t\t<div class=\"elementor-element elementor-element-688d4cc elementor-widget elementor-widget-text-editor\" data-id=\"688d4cc\" data-element_type=\"widget\" data-e-type=\"widget\" data-widget_type=\"text-editor.default\">\n\t\t\t\t<div class=\"elementor-widget-container\">\n\t\t\t\t\t\t\t\t\t<p>\u00a0 \u00a0 \u00a0 \u00a0 \u00a0 \u00a0 \u2022 Suivi d&rsquo;agenda<\/p><p>\u00a0 \u00a0 \u00a0 \u00a0 \u00a0 \u00a0 \u2022 Mise en forme et r\u00e9daction de documents et mails<\/p><p>\u00a0 \u00a0 \u00a0 \u00a0 \u00a0 \u00a0 \u2022 Organisation de d\u00e9placement<\/p><p>\u00a0 \u00a0 \u00a0 \u00a0 \u00a0 \u00a0 \u2022 Mise en place de process pour une gestion plus fluide<\/p><p>\u00a0 \u00a0 \u00a0 \u00a0 \u00a0 \u00a0 \u2022 Gestion des relations avec vos partenaires (banquier, assureur, expert-comptable, administration&#8230;)<\/p><p>\u00a0 \u00a0 \u00a0 \u00a0 \u00a0 \u00a0 \u2022 Archivage et classement (num\u00e9risation, sauvegarde, classement&#8230;)<\/p>\t\t\t\t\t\t\t\t<\/div>\n\t\t\t\t<\/div>\n\t\t\t\t<\/div>\n\t\t\t\t\t<\/div>\n\t\t\t\t<\/div>\n\t\t<div class=\"elementor-element elementor-element-2a2a10b e-flex e-con-boxed e-con e-parent\" data-id=\"2a2a10b\" data-element_type=\"container\" data-e-type=\"container\">\n\t\t\t\t\t<div class=\"e-con-inner\">\n\t\t\t\t<div class=\"elementor-element elementor-element-120aee7 elementor-widget elementor-widget-spacer\" data-id=\"120aee7\" data-element_type=\"widget\" data-e-type=\"widget\" data-widget_type=\"spacer.default\">\n\t\t\t\t<div class=\"elementor-widget-container\">\n\t\t\t\t\t\t\t<div class=\"elementor-spacer\">\n\t\t\t<div class=\"elementor-spacer-inner\"><\/div>\n\t\t<\/div>\n\t\t\t\t\t\t<\/div>\n\t\t\t\t<\/div>\n\t\t\t\t\t<\/div>\n\t\t\t\t<\/div>\n\t\t<div class=\"elementor-element elementor-element-315d56f e-con-full e-flex e-con e-child\" data-id=\"315d56f\" data-element_type=\"container\" data-e-type=\"container\">\n\t\t\t\t<div class=\"elementor-element elementor-element-5d2a079 elementor-widget__width-initial elementor-widget elementor-widget-heading\" data-id=\"5d2a079\" data-element_type=\"widget\" data-e-type=\"widget\" data-widget_type=\"heading.default\">\n\t\t\t\t<div class=\"elementor-widget-container\">\n\t\t\t\t\t<h3 class=\"elementor-heading-title elementor-size-default\">Pour toutes informations compl\u00e9mentaires :<\/h3>\t\t\t\t<\/div>\n\t\t\t\t<\/div>\n\t\t\t\t<div class=\"elementor-element elementor-element-5ed0dc6 elementor-align-center elementor-widget__width-initial elementor-widget elementor-widget-button\" data-id=\"5ed0dc6\" data-element_type=\"widget\" data-e-type=\"widget\" data-widget_type=\"button.default\">\n\t\t\t\t<div class=\"elementor-widget-container\">\n\t\t\t\t\t\t\t\t\t<div class=\"elementor-button-wrapper\">\n\t\t\t\t\t<a class=\"elementor-button elementor-button-link elementor-size-sm\" href=\"https:\/\/zenadmin.fr\/?page_id=42\">\n\t\t\t\t\t\t<span class=\"elementor-button-content-wrapper\">\n\t\t\t\t\t\t\t\t\t<span class=\"elementor-button-text\">Me contacter<\/span>\n\t\t\t\t\t<\/span>\n\t\t\t\t\t<\/a>\n\t\t\t\t<\/div>\n\t\t\t\t\t\t\t\t<\/div>\n\t\t\t\t<\/div>\n\t\t\t\t<\/div>\n\t\t\t\t<\/div>\n\t\t","protected":false},"excerpt":{"rendered":"<p>La gestion du quotidien regroupe toutes les t\u00e2ches administratives r\u00e9currentes mais essentielles. Sans un bon suivi, vous pouvez \u00eatre vite d\u00e9pass\u00e9. \u00a0 \u00a0 \u00a0 \u00a0 \u00a0 \u00a0 \u2022 Suivi d&rsquo;agenda \u00a0 \u00a0 \u00a0 \u00a0 \u00a0 \u00a0 \u2022 Mise en forme et r\u00e9daction de documents et mails \u00a0 \u00a0 \u00a0 \u00a0 \u00a0 \u00a0 \u2022 Organisation de [&hellip;]<\/p>\n","protected":false},"author":1,"featured_media":0,"parent":0,"menu_order":0,"comment_status":"closed","ping_status":"closed","template":"","meta":{"om_disable_all_campaigns":false,"_monsterinsights_skip_tracking":false,"_monsterinsights_sitenote_active":false,"_monsterinsights_sitenote_note":"","_monsterinsights_sitenote_category":0,"footnotes":""},"class_list":["post-88","page","type-page","status-publish","hentry"],"aioseo_notices":[],"_links":{"self":[{"href":"https:\/\/zenadmin.fr\/index.php?rest_route=\/wp\/v2\/pages\/88","targetHints":{"allow":["GET"]}}],"collection":[{"href":"https:\/\/zenadmin.fr\/index.php?rest_route=\/wp\/v2\/pages"}],"about":[{"href":"https:\/\/zenadmin.fr\/index.php?rest_route=\/wp\/v2\/types\/page"}],"author":[{"embeddable":true,"href":"https:\/\/zenadmin.fr\/index.php?rest_route=\/wp\/v2\/users\/1"}],"replies":[{"embeddable":true,"href":"https:\/\/zenadmin.fr\/index.php?rest_route=%2Fwp%2Fv2%2Fcomments&post=88"}],"version-history":[{"count":34,"href":"https:\/\/zenadmin.fr\/index.php?rest_route=\/wp\/v2\/pages\/88\/revisions"}],"predecessor-version":[{"id":1075,"href":"https:\/\/zenadmin.fr\/index.php?rest_route=\/wp\/v2\/pages\/88\/revisions\/1075"}],"wp:attachment":[{"href":"https:\/\/zenadmin.fr\/index.php?rest_route=%2Fwp%2Fv2%2Fmedia&parent=88"}],"curies":[{"name":"wp","href":"https:\/\/api.w.org\/{rel}","templated":true}]}}