{"id":90,"date":"2024-07-02T10:47:52","date_gmt":"2024-07-02T08:47:52","guid":{"rendered":"http:\/\/zenadmin.fr\/?page_id=90"},"modified":"2026-02-16T16:33:11","modified_gmt":"2026-02-16T15:33:11","slug":"gestion-commerciale","status":"publish","type":"page","link":"https:\/\/zenadmin.fr\/?page_id=90","title":{"rendered":"Gestion commerciale"},"content":{"rendered":"\t\t<div data-elementor-type=\"wp-page\" data-elementor-id=\"90\" class=\"elementor elementor-90\">\n\t\t\t\t<div class=\"elementor-element elementor-element-5177b82 e-con-full e-flex elementor-invisible e-con e-parent\" data-id=\"5177b82\" data-element_type=\"container\" data-e-type=\"container\" data-settings=\"{&quot;animation&quot;:&quot;zoomIn&quot;}\">\n\t\t\t\t<div class=\"elementor-element elementor-element-fdc7f4b elementor-widget elementor-widget-image\" data-id=\"fdc7f4b\" data-element_type=\"widget\" data-e-type=\"widget\" data-widget_type=\"image.default\">\n\t\t\t\t<div class=\"elementor-widget-container\">\n\t\t\t\t\t\t\t\t\t\t\t\t\t\t\t<img fetchpriority=\"high\" decoding=\"async\" width=\"4608\" height=\"614\" src=\"https:\/\/zenadmin.fr\/wp-content\/uploads\/2024\/07\/Banniere-Gestion-commerciale_V2.2.png\" class=\"attachment-full size-full wp-image-920\" alt=\"Gestion commerciale\" srcset=\"https:\/\/zenadmin.fr\/wp-content\/uploads\/2024\/07\/Banniere-Gestion-commerciale_V2.2.png 4608w, https:\/\/zenadmin.fr\/wp-content\/uploads\/2024\/07\/Banniere-Gestion-commerciale_V2.2-300x40.png 300w, https:\/\/zenadmin.fr\/wp-content\/uploads\/2024\/07\/Banniere-Gestion-commerciale_V2.2-1024x136.png 1024w, https:\/\/zenadmin.fr\/wp-content\/uploads\/2024\/07\/Banniere-Gestion-commerciale_V2.2-768x102.png 768w, https:\/\/zenadmin.fr\/wp-content\/uploads\/2024\/07\/Banniere-Gestion-commerciale_V2.2-1536x205.png 1536w, https:\/\/zenadmin.fr\/wp-content\/uploads\/2024\/07\/Banniere-Gestion-commerciale_V2.2-2048x273.png 2048w\" sizes=\"(max-width: 4608px) 100vw, 4608px\" \/>\t\t\t\t\t\t\t\t\t\t\t\t\t\t\t<\/div>\n\t\t\t\t<\/div>\n\t\t\t\t<\/div>\n\t\t<div class=\"elementor-element elementor-element-9b9bcc7 e-flex e-con-boxed e-con e-parent\" data-id=\"9b9bcc7\" data-element_type=\"container\" data-e-type=\"container\">\n\t\t\t\t\t<div class=\"e-con-inner\">\n\t\t<div class=\"elementor-element elementor-element-b7ef383 e-con-full e-flex e-con e-child\" data-id=\"b7ef383\" data-element_type=\"container\" data-e-type=\"container\">\n\t\t\t\t<div class=\"elementor-element elementor-element-35b4488 elementor-widget elementor-widget-text-editor\" data-id=\"35b4488\" data-element_type=\"widget\" data-e-type=\"widget\" data-widget_type=\"text-editor.default\">\n\t\t\t\t<div class=\"elementor-widget-container\">\n\t\t\t\t\t\t\t\t\t<p><strong>La gestion commerciale correspond \u00e0 toute la partie clients \/ fournisseurs de votre entreprise. Elle assure le suivi de la facturation ainsi que les r\u00e8glements.<br \/><\/strong><strong>La r\u00e9gularit\u00e9 de son traitement permet d&rsquo;\u00e9tablir votre pr\u00e9visionnel et votre suivi de tr\u00e9sorerie.<\/strong><\/p>\t\t\t\t\t\t\t\t<\/div>\n\t\t\t\t<\/div>\n\t\t\t\t<\/div>\n\t\t<div class=\"elementor-element elementor-element-b78c833 e-con-full e-flex e-con e-child\" data-id=\"b78c833\" data-element_type=\"container\" data-e-type=\"container\">\n\t\t\t\t<div class=\"elementor-element elementor-element-3cd2868 elementor-widget elementor-widget-text-editor\" data-id=\"3cd2868\" data-element_type=\"widget\" data-e-type=\"widget\" data-widget_type=\"text-editor.default\">\n\t\t\t\t<div class=\"elementor-widget-container\">\n\t\t\t\t\t\t\t\t\t<p>\u00a0 \u00a0 \u00a0 \u00a0 \u00a0 \u00a0 \u2022 R\u00e9daction de devis<\/p><p>\u00a0 \u00a0 \u00a0 \u00a0 \u00a0 \u00a0 \u2022 Facturation<\/p><p>\u00a0 \u00a0 \u00a0 \u00a0 \u00a0 \u00a0 \u2022 Suivi de facturation de chantier (acompte, solde)<\/p><p>\u00a0 \u00a0 \u00a0 \u00a0 \u00a0 \u00a0 \u2022 Suivi de r\u00e8glements<\/p><p>\u00a0 \u00a0 \u00a0 \u00a0 \u00a0 \u00a0 \u2022 Suivi des impay\u00e9s<\/p><p>\u00a0 \u00a0 \u00a0 \u00a0 \u00a0 \u00a0 \u2022 Prise de rendez-vous<\/p><p>\u00a0 \u00a0 \u00a0 \u00a0 \u00a0 \u00a0 \u2022 Recherches de produits, services, fournisseurs&#8230;<\/p><p>\u00a0 \u00a0 \u00a0 \u00a0 \u00a0 \u00a0 \u2022 Comparaison de devis pour optimiser les co\u00fbts.<\/p>\t\t\t\t\t\t\t\t<\/div>\n\t\t\t\t<\/div>\n\t\t\t\t<\/div>\n\t\t\t\t\t<\/div>\n\t\t\t\t<\/div>\n\t\t<div class=\"elementor-element elementor-element-a600db1 e-flex e-con-boxed e-con e-parent\" data-id=\"a600db1\" data-element_type=\"container\" data-e-type=\"container\">\n\t\t\t\t\t<div class=\"e-con-inner\">\n\t\t\t\t<div class=\"elementor-element elementor-element-3b81227 elementor-widget elementor-widget-spacer\" data-id=\"3b81227\" data-element_type=\"widget\" data-e-type=\"widget\" data-widget_type=\"spacer.default\">\n\t\t\t\t<div class=\"elementor-widget-container\">\n\t\t\t\t\t\t\t<div class=\"elementor-spacer\">\n\t\t\t<div class=\"elementor-spacer-inner\"><\/div>\n\t\t<\/div>\n\t\t\t\t\t\t<\/div>\n\t\t\t\t<\/div>\n\t\t\t\t\t<\/div>\n\t\t\t\t<\/div>\n\t\t<div class=\"elementor-element elementor-element-46f2238 e-con-full e-flex e-con e-child\" data-id=\"46f2238\" data-element_type=\"container\" data-e-type=\"container\">\n\t\t\t\t<div class=\"elementor-element elementor-element-ce44837 elementor-widget__width-initial elementor-widget elementor-widget-heading\" data-id=\"ce44837\" data-element_type=\"widget\" data-e-type=\"widget\" data-widget_type=\"heading.default\">\n\t\t\t\t<div class=\"elementor-widget-container\">\n\t\t\t\t\t<h3 class=\"elementor-heading-title elementor-size-default\">Pour toutes informations compl\u00e9mentaires :<\/h3>\t\t\t\t<\/div>\n\t\t\t\t<\/div>\n\t\t\t\t<div class=\"elementor-element elementor-element-fbeed4e elementor-align-center elementor-widget__width-initial elementor-widget elementor-widget-button\" data-id=\"fbeed4e\" data-element_type=\"widget\" data-e-type=\"widget\" data-widget_type=\"button.default\">\n\t\t\t\t<div class=\"elementor-widget-container\">\n\t\t\t\t\t\t\t\t\t<div class=\"elementor-button-wrapper\">\n\t\t\t\t\t<a class=\"elementor-button elementor-button-link elementor-size-sm\" href=\"https:\/\/zenadmin.fr\/?page_id=42\">\n\t\t\t\t\t\t<span class=\"elementor-button-content-wrapper\">\n\t\t\t\t\t\t\t\t\t<span class=\"elementor-button-text\">Me contacter<\/span>\n\t\t\t\t\t<\/span>\n\t\t\t\t\t<\/a>\n\t\t\t\t<\/div>\n\t\t\t\t\t\t\t\t<\/div>\n\t\t\t\t<\/div>\n\t\t\t\t<\/div>\n\t\t\t\t<\/div>\n\t\t","protected":false},"excerpt":{"rendered":"<p>La gestion commerciale correspond \u00e0 toute la partie clients \/ fournisseurs de votre entreprise. Elle assure le suivi de la facturation ainsi que les r\u00e8glements.La r\u00e9gularit\u00e9 de son traitement permet d&rsquo;\u00e9tablir votre pr\u00e9visionnel et votre suivi de tr\u00e9sorerie. \u00a0 \u00a0 \u00a0 \u00a0 \u00a0 \u00a0 \u2022 R\u00e9daction de devis \u00a0 \u00a0 \u00a0 \u00a0 \u00a0 \u00a0 \u2022 [&hellip;]<\/p>\n","protected":false},"author":1,"featured_media":0,"parent":0,"menu_order":0,"comment_status":"closed","ping_status":"closed","template":"","meta":{"om_disable_all_campaigns":false,"_monsterinsights_skip_tracking":false,"_monsterinsights_sitenote_active":false,"_monsterinsights_sitenote_note":"","_monsterinsights_sitenote_category":0,"footnotes":""},"class_list":["post-90","page","type-page","status-publish","hentry"],"aioseo_notices":[],"_links":{"self":[{"href":"https:\/\/zenadmin.fr\/index.php?rest_route=\/wp\/v2\/pages\/90","targetHints":{"allow":["GET"]}}],"collection":[{"href":"https:\/\/zenadmin.fr\/index.php?rest_route=\/wp\/v2\/pages"}],"about":[{"href":"https:\/\/zenadmin.fr\/index.php?rest_route=\/wp\/v2\/types\/page"}],"author":[{"embeddable":true,"href":"https:\/\/zenadmin.fr\/index.php?rest_route=\/wp\/v2\/users\/1"}],"replies":[{"embeddable":true,"href":"https:\/\/zenadmin.fr\/index.php?rest_route=%2Fwp%2Fv2%2Fcomments&post=90"}],"version-history":[{"count":46,"href":"https:\/\/zenadmin.fr\/index.php?rest_route=\/wp\/v2\/pages\/90\/revisions"}],"predecessor-version":[{"id":1072,"href":"https:\/\/zenadmin.fr\/index.php?rest_route=\/wp\/v2\/pages\/90\/revisions\/1072"}],"wp:attachment":[{"href":"https:\/\/zenadmin.fr\/index.php?rest_route=%2Fwp%2Fv2%2Fmedia&parent=90"}],"curies":[{"name":"wp","href":"https:\/\/api.w.org\/{rel}","templated":true}]}}