{"id":997,"date":"2024-07-16T13:27:59","date_gmt":"2024-07-16T11:27:59","guid":{"rendered":"https:\/\/zenadmin.fr\/?page_id=997"},"modified":"2024-07-18T12:18:00","modified_gmt":"2024-07-18T10:18:00","slug":"mentions-legales","status":"publish","type":"page","link":"https:\/\/zenadmin.fr\/?page_id=997","title":{"rendered":"Mentions l\u00e9gales"},"content":{"rendered":"\t\t<div data-elementor-type=\"wp-page\" data-elementor-id=\"997\" class=\"elementor elementor-997\">\n\t\t\t\t<div class=\"elementor-element elementor-element-cb87709 e-flex e-con-boxed e-con e-parent\" data-id=\"cb87709\" data-element_type=\"container\" data-e-type=\"container\">\n\t\t\t\t\t<div class=\"e-con-inner\">\n\t\t\t\t<div class=\"elementor-element elementor-element-6a92df6 elementor-widget elementor-widget-text-editor\" data-id=\"6a92df6\" data-element_type=\"widget\" data-e-type=\"widget\" data-widget_type=\"text-editor.default\">\n\t\t\t\t<div class=\"elementor-widget-container\">\n\t\t\t\t\t\t\t\t\t<h2>\u00c9diteur<\/h2><div>Soci\u00e9t\u00e9<\/div><p>Zen Admin<br \/>19 Kerboulard 56130 FEREL<br \/>T\u00e9l : 06 89 19 12 01<br \/>Mail : contact@zenadmin.fr<\/p><p>Enregistrement au Registre du Commerce et des Soci\u00e9t\u00e9s : RCS Vannes 807 693 635 SIRET : 80769363500029, Code APE : 8219Z<\/p><div><b>H\u00e9bergement<br \/><\/b>OVH Cloud,\u00a02 Rue Kellerman,\u00a059100 Roubaix,\u00a0Web : https:\/\/www.ovhcould.com<\/div><h2>\u00a0<\/h2><p>Propri\u00e9t\u00e9 intellectuelle<\/p><p>Les textes et illustrations pr\u00e9sent\u00e9s sur le site www.zenadmin.fr sont la propri\u00e9t\u00e9 exclusive de la soci\u00e9t\u00e9 Zen Admin, hors mentions contraires. En application de la loi du 11 mars 1957 (art. 41) et du code de la propri\u00e9t\u00e9 intellectuelle du 1er juillet 1992, la reproduction, la distribution, la repr\u00e9sentation totale ou partielle et la modification de ces contenus, par quelque proc\u00e9d\u00e9 que ce soit et sous quelque forme que ce soit, est formellement interdite, sauf autorisation expresse accord\u00e9e par la soci\u00e9t\u00e9 Zen Admin. Tout contrevenant s\u2019expose \u00e0 des sanctions civiles et p\u00e9nales et notamment aux peines pr\u00e9vues aux articles L. 335.2 et L. 343.1 du code de la Propri\u00e9t\u00e9 Intellectuelle.<\/p><p>Les logos, visuels et marques pr\u00e9sent\u00e9s sur le site www.zenadmin.fr sont la propri\u00e9t\u00e9 de leur d\u00e9tenteur respectif.<\/p><h2>Donn\u00e9es personnelles<\/h2><p>Dans une logique de respect de la vie priv\u00e9e de ses utilisateurs, Zen Admin s\u2019engage \u00e0 ce que la collecte et le traitement d\u2019informations personnelles au sein du pr\u00e9sent site soient effectu\u00e9s conform\u00e9ment \u00e0 la loi n\u00b078-17 du 6 janvier 1978 relative \u00e0 l\u2019informatique, aux fichiers et aux libert\u00e9s, dite Loi \u00ab Informatique et Libert\u00e9s \u00bb.\u00a0<\/p><p>Aucune information personnelle n\u2019est collect\u00e9e sans l\u2019accord des visiteurs du site www.zenadmin.fr.<\/p><p>Nous ne vendons, louons ou ne communiquons pas \u00e0 des tiers les donn\u00e9es personnelles (nom, adresse, num\u00e9ros de t\u00e9l\u00e9phone, de fax ou adresse e-mail) fournies par les visiteurs du site www.zenadmin.fr.<\/p><p>Conform\u00e9ment \u00e0 l\u2019article 34 de la loi \u00ab Informatique et Libert\u00e9s \u00bb, Zen Admin garantit \u00e0 l\u2019utilisateur un droit d\u2019opposition, d\u2019acc\u00e8s et de rectification sur les donn\u00e9es nominatives le concernant.<\/p><p>L\u2019utilisateur a la possibilit\u00e9 d\u2019exercer ce droit par courrier postal \u00e0 Zen Admin 19 Kerboulard 56130 FEREL, ou par e-mail \u00e0 l\u2019adresse contact@zenadmin.fr\u00a0<\/p><p>La charte RGPD est disponible ici<\/p><h2>Liens hypertextes<\/h2><p>Le site www.zenadmin.fr propose des liens hypertextes vers des sites Web \u00e9dit\u00e9s et\/ou g\u00e9r\u00e9s par des tiers. Dans la mesure o\u00f9 aucun contr\u00f4le n\u2019est exerc\u00e9 sur ces ressources externes, l\u2019utilisateur du site www.zenadmin.fr reconna\u00eet que la soci\u00e9t\u00e9 Zen Admin n\u2019assume aucune responsabilit\u00e9 relative \u00e0 la mise \u00e0 disposition de ces ressources, et ne peut \u00eatre tenue responsable quant \u00e0 leur contenu.<\/p><p>De la m\u00eame mani\u00e8re, la soci\u00e9t\u00e9 Zen Admin autorise la mise en place de liens hypertextes pointant vers le site www.zenadmin.fr, sous r\u00e9serve de ne pas employer de techniques faisant appara\u00eetre les contenus du site www.zenadmin.fr \u00e0 l\u2019int\u00e9rieur d\u2019un site tiers (au travers d\u2019iframes ou de modules type lightbox, par exemple).<\/p><p>Cette autorisation ne s\u2019applique pas aux sites Web diffusant des informations \u00e0 caract\u00e8re pornographique, pol\u00e9mique, homophobe, x\u00e9nophobe ou pouvant, dans une plus large mesure, porter atteinte \u00e0 la sensibilit\u00e9 du plus grand nombre ou contrevenir \u00e0 tout texte de loi pr\u00e9sent ou \u00e0 venir.<\/p><h2>Utilisation du site<\/h2><p>L\u2019internaute reconna\u00eet que l\u2019utilisation du pr\u00e9sent site est r\u00e9gie par le droit fran\u00e7ais.<\/p><p>En aucun cas la soci\u00e9t\u00e9 Zen Admin ne pourra \u00eatre tenue responsable de quelconque dommage, direct ou indirect, pouvant r\u00e9sulter de l\u2019acc\u00e8s au site www.zenadmin.fr ou de son utilisation, ou de l\u2019acc\u00e8s via le site www.zenadmin.fr \u00e0 d\u2019autres sites ou de leur utilisation. Lesdits dommages incluent notamment, mais sans limitation, tout pr\u00e9judice financier ou commercial, perte d\u2019exploitation, perte de programmes ou de donn\u00e9es dans votre syst\u00e8me d\u2019information, m\u00eame si la soci\u00e9t\u00e9 Zen Admin a \u00e9t\u00e9 avis\u00e9e de la possibilit\u00e9 de survenance de tels dommages.<\/p><p>La soci\u00e9t\u00e9 Zen Admin peut \u00e0 tout moment revoir les pr\u00e9sentes dispositions en mettant \u00e0 jour cette page, sans avoir \u00e0 en avertir ses visiteurs au pr\u00e9alable. En acc\u00e9dant au site www.zenadmin.fr, vous acceptez d\u2019\u00eatre li\u00e9 par toute r\u00e9vision des pr\u00e9sentes dispositions<\/p><p>Les mentions l\u00e9gales obligatoires sur un site web concernant le copyright varient selon la juridiction, mais voici g\u00e9n\u00e9ralement ce qui est recommand\u00e9 ou requis dans de nombreuses r\u00e9gions :<\/p><p><strong>Mention du droit d\u2019auteur (Copyright) :<\/strong> le site web est prot\u00e9g\u00e9 par le droit d\u2019auteur \u00a9 ann\u00e9e de publication 2024, Zen Admin.<\/p><p><strong>Clause de non-responsabilit\u00e9 :<\/strong>\u00a0le site web d\u00e9cline toute responsabilit\u00e9 quant \u00e0 l\u2019exactitude ou \u00e0 l\u2019exhaustivit\u00e9 des informations fournies sur le site.<\/p><p><strong>Politique de confidentialit\u00e9 : Aucune<\/strong>\u00a0donn\u00e9es personnelles n\u2019est collect\u00e9e, utilis\u00e9es par le site web.<\/p><p>Politique de cookies : le site web n\u2019utilise pas de cookies.<\/p><p>1. Mention de droits d\u2019auteur : le site est prot\u00e9g\u00e9 par le droit d\u2019auteur. \u00a9 2024 Zen Admin Tous droits r\u00e9serv\u00e9s.<\/p><p>2. Clause de non-responsabilit\u00e9 : le site peut contenir des liens vers d\u2019autres sites, Zen Admin n\u2019est pas responsable du contenu de ces sites tiers.<\/p><p>3. Politique de confidentialit\u00e9 : Les donn\u00e9es personnelles collect\u00e9es, utilis\u00e9es et prot\u00e9g\u00e9es sont couvertes par la r\u00e9glementation RGPD. Cela inclut des informations sur les cookies qui sont seulement fonctionnels et la gestion des donn\u00e9es des utilisateurs.<\/p><p>4. Permission de reproduction : aucune reproduction compl\u00e8te ou partielle ne peut \u00eatre r\u00e9utilis\u00e9e par d\u2019autres personnes ou sites. Cela peut inclure l\u2019obligation d\u2019obtenir une autorisation \u00e9crite pr\u00e9alable.<\/p><p>5. Marques d\u00e9pos\u00e9es : les marques mentionn\u00e9es sur le site ou les marques de commerce appartiennent au propri\u00e9taire du site ou \u00e0 des tiers, le cas \u00e9ch\u00e9ant.<\/p><p>6. Droit applicable et juridiction comp\u00e9tente : la loi fran\u00e7aise est applicable sur le site et la juridiction comp\u00e9tente en cas de litige li\u00e9 au site est la juridiction d\u2019Agen.<\/p>\t\t\t\t\t\t\t\t<\/div>\n\t\t\t\t<\/div>\n\t\t\t\t\t<\/div>\n\t\t\t\t<\/div>\n\t\t\t\t<\/div>\n\t\t","protected":false},"excerpt":{"rendered":"<p>\u00c9diteur Soci\u00e9t\u00e9 Zen Admin19 Kerboulard 56130 FERELT\u00e9l : 06 89 19 12 01Mail : contact@zenadmin.fr Enregistrement au Registre du Commerce et des Soci\u00e9t\u00e9s : RCS Vannes 807 693 635 SIRET : 80769363500029, Code APE : 8219Z H\u00e9bergementOVH Cloud,\u00a02 Rue Kellerman,\u00a059100 Roubaix,\u00a0Web : https:\/\/www.ovhcould.com \u00a0 Propri\u00e9t\u00e9 intellectuelle Les textes et illustrations pr\u00e9sent\u00e9s sur le site www.zenadmin.fr [&hellip;]<\/p>\n","protected":false},"author":1,"featured_media":0,"parent":0,"menu_order":0,"comment_status":"closed","ping_status":"closed","template":"","meta":{"om_disable_all_campaigns":false,"_monsterinsights_skip_tracking":false,"_monsterinsights_sitenote_active":false,"_monsterinsights_sitenote_note":"","_monsterinsights_sitenote_category":0,"footnotes":""},"class_list":["post-997","page","type-page","status-publish","hentry"],"aioseo_notices":[],"_links":{"self":[{"href":"https:\/\/zenadmin.fr\/index.php?rest_route=\/wp\/v2\/pages\/997","targetHints":{"allow":["GET"]}}],"collection":[{"href":"https:\/\/zenadmin.fr\/index.php?rest_route=\/wp\/v2\/pages"}],"about":[{"href":"https:\/\/zenadmin.fr\/index.php?rest_route=\/wp\/v2\/types\/page"}],"author":[{"embeddable":true,"href":"https:\/\/zenadmin.fr\/index.php?rest_route=\/wp\/v2\/users\/1"}],"replies":[{"embeddable":true,"href":"https:\/\/zenadmin.fr\/index.php?rest_route=%2Fwp%2Fv2%2Fcomments&post=997"}],"version-history":[{"count":22,"href":"https:\/\/zenadmin.fr\/index.php?rest_route=\/wp\/v2\/pages\/997\/revisions"}],"predecessor-version":[{"id":1085,"href":"https:\/\/zenadmin.fr\/index.php?rest_route=\/wp\/v2\/pages\/997\/revisions\/1085"}],"wp:attachment":[{"href":"https:\/\/zenadmin.fr\/index.php?rest_route=%2Fwp%2Fv2%2Fmedia&parent=997"}],"curies":[{"name":"wp","href":"https:\/\/api.w.org\/{rel}","templated":true}]}}